{"id":306,"date":"2015-01-03T13:37:16","date_gmt":"2015-01-03T11:37:16","guid":{"rendered":"http:\/\/sg-layout.com\/demos\/?page_id=306"},"modified":"2015-01-03T13:37:16","modified_gmt":"2015-01-03T11:37:16","slug":"content-sidebar","status":"publish","type":"page","link":"https:\/\/sg-demo.com\/amare-basic\/genesis-layouts\/content-sidebar\/","title":{"rendered":"Content &#8211; Sidebar"},"content":{"rendered":"<p>Dies ist eine Seite mit der Einstellung &#8220;Content &#8211; Sidebar&#8221;, die Sidebar befindet sich auf der rechten Seite.<\/p>\n<p>This is a layout using the &#8220;Content &#8211; Sidebar&#8221; setting. The sidebar is on the right side.<\/p>\n<h4>F\u00fclltext:<\/h4>\n<p>Grossartig! Jetzt geht es n\u00e4mlich auf die 43 Richtung Recklinghausen, meine private Rennstrecke. 60 Kilometer, die ich schon in knapp 20 Minuten geschafft habe. Ich biege auf die besagte Autobahn, nat\u00fcrlich sofort nach links auf die \u00dcberholspur. Muss mich jetzt leider unbeliebt machen. Einer zeigt mir den Stinkefinger. Ich werfe Kussh\u00e4ndchen, das macht sie besonders fertig. Und ich gebe Gas, gerne auch mit Zur\u00fcckschalten. Manche Lkw-Fahrer, an denen ich vorbeizische, gr\u00fcssen freundlich mit Lichthupe.<\/p>\n<p>Ich kann leider nicht zur\u00fcckgr\u00fcssen, habe keine Zeit daf\u00fcr. Das Recklinghauser Kreuz ist da und ab auf die A 2 Richtung Oberhausen. Die n\u00e4chste Baustelle hat es in sich. Da sind die Spuren so eng, dass man sich bei \u00fcberh\u00f6hter Geschwindigkeit nicht mal eine Kippe anz\u00fcnden kann, ohne \u00fcber diese gelben Knopfmarkierungen zu fahren. Ich sp\u00fcre diese Drecksdinger einzeln, so hart ist mein Wagen gefedert. Zwischendurch Zwischenspurts. Mal wieder mehr Radarfallenschilder als Radarfallen. Oberhausen kommt und geht. Das Breitscheider Kreuz auch.<\/p>\n<p>Ich biege auf die A 52 und bleibe dabei, bis ich mal wieder viel zu schnell in die Stadt einrolle. Kurz vor dem DEG-Stadion hole ich mir noch ein paar Alt an der Tanke. Die Lindemann nach S\u00fcden, links auf die Grafenberger und dann gleich wieder rechts. Ich bin da. Blick zur Uhr, Zeit nehmen. Jetzt schnell den ganzen Krempel rauf in die Wohnung. Glotze an, Sp\u00e4tnachrichten. Einschlafen. Montag. Dienstag. Mittwoch. Donnerstag. Freitag. Am Nachmittag ist es am schlimmsten. Stadtausw\u00e4rts Richtung Flughafen. Der letzte Abzweig ist besonders schlau.<\/p>\n<p>&nbsp;<\/p>\n","protected":false},"excerpt":{"rendered":"<p>Dies ist eine Seite mit der Einstellung &#8220;Content &#8211; Sidebar&#8221;, die Sidebar befindet sich auf der rechten Seite. This is a layout using the &#8220;Content &#8211; Sidebar&#8221; setting. The sidebar is on the right side. F\u00fclltext: Grossartig! Jetzt geht es n\u00e4mlich auf die 43 Richtung Recklinghausen, meine private Rennstrecke. 60 Kilometer, die ich schon in &#8230; <a href=\"https:\/\/sg-demo.com\/amare-basic\/genesis-layouts\/content-sidebar\/\" rel=\"nofollow\">Read more<\/a><\/p>\n","protected":false},"author":1,"featured_media":0,"parent":301,"menu_order":0,"comment_status":"closed","ping_status":"closed","template":"","meta":{"_genesis_hide_title":false,"_genesis_hide_breadcrumbs":false,"_genesis_hide_singular_image":false,"_genesis_hide_footer_widgets":false,"_genesis_custom_body_class":"","_genesis_custom_post_class":"","_genesis_layout":"content-sidebar","footnotes":""},"_links":{"self":[{"href":"https:\/\/sg-demo.com\/amare-basic\/wp-json\/wp\/v2\/pages\/306"}],"collection":[{"href":"https:\/\/sg-demo.com\/amare-basic\/wp-json\/wp\/v2\/pages"}],"about":[{"href":"https:\/\/sg-demo.com\/amare-basic\/wp-json\/wp\/v2\/types\/page"}],"author":[{"embeddable":true,"href":"https:\/\/sg-demo.com\/amare-basic\/wp-json\/wp\/v2\/users\/1"}],"replies":[{"embeddable":true,"href":"https:\/\/sg-demo.com\/amare-basic\/wp-json\/wp\/v2\/comments?post=306"}],"version-history":[{"count":0,"href":"https:\/\/sg-demo.com\/amare-basic\/wp-json\/wp\/v2\/pages\/306\/revisions"}],"up":[{"embeddable":true,"href":"https:\/\/sg-demo.com\/amare-basic\/wp-json\/wp\/v2\/pages\/301"}],"wp:attachment":[{"href":"https:\/\/sg-demo.com\/amare-basic\/wp-json\/wp\/v2\/media?parent=306"}],"curies":[{"name":"wp","href":"https:\/\/api.w.org\/{rel}","templated":true}]}}