{"id":310,"date":"2015-01-03T13:40:34","date_gmt":"2015-01-03T11:40:34","guid":{"rendered":"http:\/\/sg-layout.com\/demos\/?page_id=308"},"modified":"2015-01-03T13:40:34","modified_gmt":"2015-01-03T11:40:34","slug":"sidebar-content","status":"publish","type":"page","link":"https:\/\/sg-demo.com\/amare-basic\/genesis-layouts\/sidebar-content\/","title":{"rendered":"Sidebar &#8211; Content"},"content":{"rendered":"<p>Dies ist eine Seite mit der Einstellung &#8220;Sidebar &#8211; Content&#8221;, die Sidebar befindet sich auf der linken Seite.<\/p>\n<p>This is a layout using the &#8220;Sidebar &#8211; Content&#8221; setting. The sidebar is on the left side.<\/p>\n<h4>F\u00fclltext:<\/h4>\n<p>Lindy`s Cheese Cake halten die Amerikaner irrt\u00fcmlich f\u00fcr einen Ureinwohner ihres sch\u00f6nen Landes; er stammt aus dem Schw\u00e4bischen. Dagegen h\u00e4tten sie mit Coca-Cola beinahe den Goldpokal gewonnen, w\u00e4re da nicht auch die S\u00fc\u00dfreserve des deutschen Weinbaus. Den 1.Preis, unverg\u00e4nglichen Ruhm und das Bewu\u00dftsein, endlich der Welt gezeigt zu haben, da\u00df sie kreativer sind als der nichtdeodorierte Teil der Menschheit, errangen sie schlie\u00dflich mit der Erfindung des Hamburgers. So wie er aussieht, scheint es v\u00f6llig aus geschlossen, da\u00df der Brotteil aus Mehl gebacken wurde und der Fleischteil von einem Tier stammt.<\/p>\n<p>Tats\u00e4chlich besteht ein Hamburger zun\u00e4chst einmal aus einem Image. Das ist unterschiedlich, indem f\u00fcr die einen ein Hamburger die modernste, schnellste und billigste M\u00f6glichkeit darstellt, den Hunger zu stillen, w\u00e4hrend er f\u00fcr andere eine weitere, aus Amerika stammende Bedrohung europ\u00e4ischer Kultur ist. In einem Punkt sind sich aber alle einig: Ein Hamburger ist e\u00dfbar. Ich bin da nicht so sicher. Der eindrucksvollste Bestandteil eines Hamburgers sind die Zwiebeln.<\/p>\n<p>Je nachdem, ob zwischen den Teigscheiben viele oder wenige Zwiebeln gequetscht sind, ist die Duftwolke, die ein Hamburger ausst\u00f6\u00dft, umweltgef\u00e4hrdend oder nicht. Der Geruch von Zwiebeln h\u00e4ngt in den Kleidern wie Zigarrenrauch in den Gardinen, verglichen damit ist eine Br\u00fcsseler Frittenbude eine olfaktorische Harmlosigkeit. Wer mit dem Hamburger eine fingerdicke Lage Zwiebeln herunterschluckt, der mu\u00df einen Magen haben wie eine Kuh und eine Haftpflicht, weil er mit seinem Zwiebelatem sogar einen Schaffner des Balkan-Express bewu\u00dftlos pusten k\u00f6nnte.<\/p>\n<p>&nbsp;<\/p>\n","protected":false},"excerpt":{"rendered":"<p>Dies ist eine Seite mit der Einstellung &#8220;Sidebar &#8211; Content&#8221;, die Sidebar befindet sich auf der linken Seite. This is a layout using the &#8220;Sidebar &#8211; Content&#8221; setting. The sidebar is on the left side. F\u00fclltext: Lindy`s Cheese Cake halten die Amerikaner irrt\u00fcmlich f\u00fcr einen Ureinwohner ihres sch\u00f6nen Landes; er stammt aus dem Schw\u00e4bischen. Dagegen &#8230; <a href=\"https:\/\/sg-demo.com\/amare-basic\/genesis-layouts\/sidebar-content\/\" rel=\"nofollow\">Read more<\/a><\/p>\n","protected":false},"author":1,"featured_media":0,"parent":301,"menu_order":0,"comment_status":"closed","ping_status":"closed","template":"","meta":{"_genesis_hide_title":false,"_genesis_hide_breadcrumbs":false,"_genesis_hide_singular_image":false,"_genesis_hide_footer_widgets":false,"_genesis_custom_body_class":"","_genesis_custom_post_class":"","_genesis_layout":"sidebar-content","footnotes":""},"_links":{"self":[{"href":"https:\/\/sg-demo.com\/amare-basic\/wp-json\/wp\/v2\/pages\/310"}],"collection":[{"href":"https:\/\/sg-demo.com\/amare-basic\/wp-json\/wp\/v2\/pages"}],"about":[{"href":"https:\/\/sg-demo.com\/amare-basic\/wp-json\/wp\/v2\/types\/page"}],"author":[{"embeddable":true,"href":"https:\/\/sg-demo.com\/amare-basic\/wp-json\/wp\/v2\/users\/1"}],"replies":[{"embeddable":true,"href":"https:\/\/sg-demo.com\/amare-basic\/wp-json\/wp\/v2\/comments?post=310"}],"version-history":[{"count":0,"href":"https:\/\/sg-demo.com\/amare-basic\/wp-json\/wp\/v2\/pages\/310\/revisions"}],"up":[{"embeddable":true,"href":"https:\/\/sg-demo.com\/amare-basic\/wp-json\/wp\/v2\/pages\/301"}],"wp:attachment":[{"href":"https:\/\/sg-demo.com\/amare-basic\/wp-json\/wp\/v2\/media?parent=310"}],"curies":[{"name":"wp","href":"https:\/\/api.w.org\/{rel}","templated":true}]}}