{"id":311,"date":"2015-01-03T13:44:06","date_gmt":"2015-01-03T11:44:06","guid":{"rendered":"http:\/\/sg-layout.com\/demos\/?page_id=311"},"modified":"2015-01-03T13:44:06","modified_gmt":"2015-01-03T11:44:06","slug":"content-sidebar-sidebar","status":"publish","type":"page","link":"https:\/\/sg-demo.com\/amare-basic\/genesis-layouts\/content-sidebar-sidebar\/","title":{"rendered":"Content &#8211; Sidebar &#8211; Sidebar"},"content":{"rendered":"<p>Dies ist eine Seite mit der Einstellung &#8220;Content &#8211; Sidebar &#8211; Sidebar&#8221;, zwei Sidebars befindet sich auf der rechten Seite.<\/p>\n<p>This is a layout using the &#8220;Content &#8211; Sidebar &#8211; Sidebar&#8221; setting. Two sidebars are on the right side.<\/p>\n<h4>F\u00fclltext:<\/h4>\n<p>Die wenigsten Zwiebeln verwendet McDonalds; in den Produkten dieser Firma sind sie so fein gehackt, da\u00df es fast appetitlich wirkt, wenn ich dieses Wort auch im Zusammenhang mit Hamburgern nur z\u00f6gernd gebrauche. Der zweite Aromatr\u00e4ger ist die jeweilige Sauce, nein: So\u00dfe. Ihre kulinarische Bedeutung hat in der nicht gerade ruhmreichen Tradition der deutschen K\u00fcche nichts Vergleichbares. Sogar die wei\u00dfe Mehlpampe, die von b\u00f6sen M\u00fcttern \u00fcber matschig gekochten Blumenkohl gel\u00f6ffelt wird, ist dagegen eine Delikatesse. Ihr Hauptbestandteil scheint Tomatenketchup zu sein; ich schlie\u00dfe das aus der meistens roten Farbe.<\/p>\n<p>Sie kann aber auch eine mayonnaise\u00e4hnliche Schmiere sein, \u00e4tzend s\u00fc\u00dfsauer und\/oder scharf, von einer einmalig grellen K\u00fcnstlichkeit. Die Menge, die man davon aufs &#8220;Brot&#8221; gesch\u00fcttet kriegt, sagt dar\u00fcber aus, ob die So\u00dfensch\u00fctter zu den Sadisten geh\u00f6ren oder nicht. Das Wort Brot steht hier mangels einer passenden Bezeichnung f\u00fcr die beiden H\u00e4lften des runden Backwerks, dessen ausgekl\u00fcgelte Geschmacklosigkeit fast schon bewunderungsw\u00fcrdig ist. Oft gibt es au\u00dfer Ober- und Unterseite noch eine Zwischenlage des Mehlprodukts, dann hei\u00dft das ganze &#8220;Big-M\u00e4c&#8221; oder so \u00e4hnlich.<\/p>\n<p>Diese Konstruktion erm\u00f6glicht es, die Zwiebel-So\u00dfe-Fleisch-Einlage gleich zweimal unterzubringen. Dadurch erreicht der Hamburger eine H\u00f6he von mindestens zehn Zentimetern, was auch f\u00fcr das gr\u00f6\u00dfte Gro \u00dfmaul zu hoch sein d\u00fcrfte. Dem kommt jetzt die hervorstechendste Eigenschaft des Backwerkes zugute, n\u00e4mlich seine wattige Konsistenz: m\u00fchelos l\u00e4\u00dft sich das Ding zur passenden Gr\u00f6\u00dfe zusammendr\u00fccken. Da\u00df dabei der Inhalt an den Seiten herausquillt und auf den Boden platscht, ist ungef\u00e4hrlich, solange davon nichts ins Abwassersystem ger\u00e4t.<\/p>\n<p>&nbsp;<\/p>\n","protected":false},"excerpt":{"rendered":"<p>Dies ist eine Seite mit der Einstellung &#8220;Content &#8211; Sidebar &#8211; Sidebar&#8221;, zwei Sidebars befindet sich auf der rechten Seite. This is a layout using the &#8220;Content &#8211; Sidebar &#8211; Sidebar&#8221; setting. Two sidebars are on the right side. F\u00fclltext: Die wenigsten Zwiebeln verwendet McDonalds; in den Produkten dieser Firma sind sie so fein gehackt, &#8230; <a href=\"https:\/\/sg-demo.com\/amare-basic\/genesis-layouts\/content-sidebar-sidebar\/\" rel=\"nofollow\">Read more<\/a><\/p>\n","protected":false},"author":1,"featured_media":0,"parent":301,"menu_order":0,"comment_status":"closed","ping_status":"closed","template":"","meta":{"_genesis_hide_title":false,"_genesis_hide_breadcrumbs":false,"_genesis_hide_singular_image":false,"_genesis_hide_footer_widgets":false,"_genesis_custom_body_class":"","_genesis_custom_post_class":"","_genesis_layout":"content-sidebar-sidebar","footnotes":""},"_links":{"self":[{"href":"https:\/\/sg-demo.com\/amare-basic\/wp-json\/wp\/v2\/pages\/311"}],"collection":[{"href":"https:\/\/sg-demo.com\/amare-basic\/wp-json\/wp\/v2\/pages"}],"about":[{"href":"https:\/\/sg-demo.com\/amare-basic\/wp-json\/wp\/v2\/types\/page"}],"author":[{"embeddable":true,"href":"https:\/\/sg-demo.com\/amare-basic\/wp-json\/wp\/v2\/users\/1"}],"replies":[{"embeddable":true,"href":"https:\/\/sg-demo.com\/amare-basic\/wp-json\/wp\/v2\/comments?post=311"}],"version-history":[{"count":0,"href":"https:\/\/sg-demo.com\/amare-basic\/wp-json\/wp\/v2\/pages\/311\/revisions"}],"up":[{"embeddable":true,"href":"https:\/\/sg-demo.com\/amare-basic\/wp-json\/wp\/v2\/pages\/301"}],"wp:attachment":[{"href":"https:\/\/sg-demo.com\/amare-basic\/wp-json\/wp\/v2\/media?parent=311"}],"curies":[{"name":"wp","href":"https:\/\/api.w.org\/{rel}","templated":true}]}}