{"id":314,"date":"2015-01-03T13:46:11","date_gmt":"2015-01-03T11:46:11","guid":{"rendered":"http:\/\/sg-layout.com\/demos\/?page_id=314"},"modified":"2015-01-03T13:46:11","modified_gmt":"2015-01-03T11:46:11","slug":"sidebar-sidebar-content","status":"publish","type":"page","link":"https:\/\/sg-demo.com\/amare-basic\/genesis-layouts\/sidebar-sidebar-content\/","title":{"rendered":"Sidebar &#8211; Sidebar &#8211; Content"},"content":{"rendered":"<p>Dies ist eine Seite mit der Einstellung &#8220;Sidebar &#8211; Sidebar &#8211; Content&#8221;, zwei Sidebars befindet sich auf der linken Seite.<\/p>\n<p>This is a layout using the &#8220;Sidebar &#8211; Sidebar &#8211; Content&#8221; setting. Two sidebars are on the left side.<\/p>\n<h4>F\u00fclltext:<\/h4>\n<p>Das Hauptmerkmal eines Hamburgers ist das Fleisch; 100 Prozent reines Rindfleisch, wie die Hersteller versichern, und es gibt keinen Grund, ihnen nicht zu glauben. Den Glauben an das Fleisch braucht der Esser allerdings; denn das Fleisch sieht nicht nur aus wie ein Bremsbelag, es schmeckt auch nicht nach Fleisch. Es schmeckt nach nichts. Ich bin davon \u00fcberzeugt, da\u00df die Erfinder dieser Volksspeise sehr viel M\u00fche und Zeit darauf verwendet haben, zu diesem frappierenden Resultat zu kommen.<\/p>\n<p>Manchmal wird das Fleisch mit einer gelblichen Weichgummischeibe belegt, die K\u00e4se genannt wird, s\u00fc\u00dflich schmeckt und in die gegebenenfalls eine oder mehrere d\u00fcnne Senfgurkenscheiben eingeschwei\u00dft sind. Zus\u00e4tzlich kann das Fleisch auf geh\u00e4ckseltem Salat gebettet oder mit einem Salatblatt bedeckt sein. Damit sind im gro\u00dfen und ganzen die Variationsm\u00f6glichkeiten eines Hamburgers ersch\u00f6pft. Eine wichtige Eigenschaft dieses Produkts soll hier nicht unerw\u00e4hnt bleiben: Er mu\u00df unverz\u00fcglich am Tatort gegessen werden. Denn ein Hamburger ist empfindlich wie eine Mimose. Schon nach einer Viertelstunde beginnt er zu schrumpfen, er trocknet rapide ein und sieht nach einer halben Stunde aus, als h\u00e4tte man ihn aus einem Abfallk\u00fcbel eines Operationssaals gefischt.<\/p>\n<p>Es ist anzunehmen, da\u00df noch niemand nach dem Verzehr eines Hamburgers ernstlich krank geworden ist. Es ist ferner anzunehmen, da\u00df Leute, die einmal Hamburger gegessen haben, wieder hingehen und weitere Hamburger essen. Es ist aber v\u00f6llig undenkbar, da\u00df jemand davon s\u00fcchtig wird. Und da mit zunehmendem Alter der Esser die Lust auf dieses Kunstprodukt verliert, sind Hamburger im Leben eines Menschen nur eine vor\u00fcbergehende Erscheinung wie Pubert\u00e4tspickel.<\/p>\n<p>&nbsp;<\/p>\n","protected":false},"excerpt":{"rendered":"<p>Dies ist eine Seite mit der Einstellung &#8220;Sidebar &#8211; Sidebar &#8211; Content&#8221;, zwei Sidebars befindet sich auf der linken Seite. This is a layout using the &#8220;Sidebar &#8211; Sidebar &#8211; Content&#8221; setting. Two sidebars are on the left side. F\u00fclltext: Das Hauptmerkmal eines Hamburgers ist das Fleisch; 100 Prozent reines Rindfleisch, wie die Hersteller versichern, &#8230; <a href=\"https:\/\/sg-demo.com\/amare-basic\/genesis-layouts\/sidebar-sidebar-content\/\" rel=\"nofollow\">Read more<\/a><\/p>\n","protected":false},"author":1,"featured_media":0,"parent":301,"menu_order":0,"comment_status":"closed","ping_status":"closed","template":"","meta":{"_genesis_hide_title":false,"_genesis_hide_breadcrumbs":false,"_genesis_hide_singular_image":false,"_genesis_hide_footer_widgets":false,"_genesis_custom_body_class":"","_genesis_custom_post_class":"","_genesis_layout":"sidebar-sidebar-content","footnotes":""},"_links":{"self":[{"href":"https:\/\/sg-demo.com\/amare-basic\/wp-json\/wp\/v2\/pages\/314"}],"collection":[{"href":"https:\/\/sg-demo.com\/amare-basic\/wp-json\/wp\/v2\/pages"}],"about":[{"href":"https:\/\/sg-demo.com\/amare-basic\/wp-json\/wp\/v2\/types\/page"}],"author":[{"embeddable":true,"href":"https:\/\/sg-demo.com\/amare-basic\/wp-json\/wp\/v2\/users\/1"}],"replies":[{"embeddable":true,"href":"https:\/\/sg-demo.com\/amare-basic\/wp-json\/wp\/v2\/comments?post=314"}],"version-history":[{"count":0,"href":"https:\/\/sg-demo.com\/amare-basic\/wp-json\/wp\/v2\/pages\/314\/revisions"}],"up":[{"embeddable":true,"href":"https:\/\/sg-demo.com\/amare-basic\/wp-json\/wp\/v2\/pages\/301"}],"wp:attachment":[{"href":"https:\/\/sg-demo.com\/amare-basic\/wp-json\/wp\/v2\/media?parent=314"}],"curies":[{"name":"wp","href":"https:\/\/api.w.org\/{rel}","templated":true}]}}