{"id":370,"date":"2015-08-06T14:36:06","date_gmt":"2015-08-06T14:36:06","guid":{"rendered":"http:\/\/bigtop.dev\/?page_id=370"},"modified":"2016-10-08T16:31:07","modified_gmt":"2016-10-08T14:31:07","slug":"contact","status":"publish","type":"page","link":"https:\/\/sg-demo.com\/amare-basic\/contact\/","title":{"rendered":"Contact"},"content":{"rendered":"<p><a href=\"http:\/\/sg-layout.com\"><img decoding=\"async\" loading=\"lazy\" class=\"alignleft size-full wp-image-1211\" src=\"http:\/\/sg-demo.com\/amare-basic\/wp-content\/uploads\/sites\/14\/2016\/10\/sg_logo_hoch.png\" alt=\"sg_logo_hoch\" width=\"123\" height=\"160\" \/><\/a><strong>This skin was created by SG-Layout, Silvia Gamsj\u00e4ger (SiGa).<\/strong> Seeing it is provided for free, it will not be supported and I\u00b4ll not answer mails or PM\u00b4s \u2013 please understand. If you want to hire me to get a customized\/extended variation, you\u00b4re welcome to contact me with a brief description of what you\u00b4d need and I\u00b4ll tell you if I\u00b4m available and &#8211; if so &#8211; an estimated price according to your info.<br \/>\n<a class=\"button\" href=\"http:\/\/sg-layout.com\/kontakt\/\" title=\"Contact SG-Layout\" style=\"font-size: 20px; margin:25px auto 0; display:block; width:110px;\">Contact me<\/a><\/p>\n<h4>F\u00fclltext:<\/h4>\n<p>Seit zwei Jahren ist meine Arbeit in D\u00fcsseldorf. Meine Familie lebt dagegen in Hamburg. Und dazwischen ich, aber ganz cool. Vollbremskombination aus Ampel oder Einf\u00e4deln oder beides auf einmal. Geht nur mit Tricks. Eben noch kurz auf die A 52. Schon vielversprechend lebhaft. Hinter dem Breitscheider Kreuz geht es richtig los. Stau auf der A 3 bis Oberhausen. Danach entspannt es sich auch nur deshalb, weil enge Baustellen mit r\u00fcden Geschwindigkeitsbegrenzungen zum gleichm\u00e4ssigen Rollen zwingen. Es wird links \u00fcberholt, es wird rechts \u00fcberholt. Es wird gar nichts mehr, alles steht und macht lange Gesichter. Ich dagegen wechsle die Cassette.<\/p>\n<p>Es geht weiter. Vor und hinter mir hektische Spurenwechsel. So zieht sich das St\u00fcck A 2 bis zum Recklinghauser Kreuz. Der erhofften Entspannung folgt zuverl\u00e4ssig der Vollfrust. Die A 43 bis M\u00fcnster ist genauso voll wie das Kamener Kreuz zur Rush-hour. Auf der A 1 ist dann endg\u00fcltig Schluss mit lustig. Alles d\u00fcmpelt auf der \u00dcberholspur. Nat\u00fcrlich mit 90. Rechts geht es schneller, irrerweise wegen der Lkws. Die wollen n\u00e4mlich alle noch vor zehn zu Hause sein. Osnabr\u00fcck. Dammer Berge. Tanken, weil kleiner Tank. Nach Wildeshausen wird die Autobahn dreispurig. Klasse!<\/p>\n<p>Alles st\u00fcrmt nach links, auch ein Kadett City mit Bochumer Kennzeichen. Bleibt hartn\u00e4ckig. Blinker bringt auch nichts. Lichthupe ebenfalls zwecklos. Muss rechts vorbei. Ein Mittelscheitel macht den Breiten. Der Verkehr verzieht sich. Nach Stuckenborstel gehe ich vom Gas nicht mehr runter. Den Abzweig zum Elbtunnel mal wieder viel zu schnell genommen. Der Rest geht schnell. Entscheide mich nat\u00fcrlich wie immer f\u00fcr die linke R\u00f6hre, um dann nach Tunnelende dramatisch blitzartig vier Spuren nach rechts in die Ausfahrt hineinzubremsen. Das einzige, was auf der Stresemann wieder aufh\u00e4lt, ist eine kuriose Ampelschaltung. Am Phantom der Oper links, auf dem Ring einmal rundrum bis zum Winterhuder Marktplatz, dahinter noch mal links, zum Stadtpark hinunter. Ich bin da.<\/p>\n","protected":false},"excerpt":{"rendered":"<p>This skin was created by SG-Layout, Silvia Gamsj\u00e4ger (SiGa). Seeing it is provided for free, it will not be supported and I\u00b4ll not answer mails or PM\u00b4s \u2013 please understand. If you want to hire me to get a customized\/extended variation, you\u00b4re welcome to contact me with a brief description of what you\u00b4d need and &#8230; <a href=\"https:\/\/sg-demo.com\/amare-basic\/contact\/\" rel=\"nofollow\">Read more<\/a><\/p>\n","protected":false},"author":1,"featured_media":0,"parent":0,"menu_order":0,"comment_status":"closed","ping_status":"closed","template":"","meta":{"_genesis_hide_title":false,"_genesis_hide_breadcrumbs":false,"_genesis_hide_singular_image":false,"_genesis_hide_footer_widgets":false,"_genesis_custom_body_class":"","_genesis_custom_post_class":"","_genesis_layout":"","footnotes":""},"_links":{"self":[{"href":"https:\/\/sg-demo.com\/amare-basic\/wp-json\/wp\/v2\/pages\/370"}],"collection":[{"href":"https:\/\/sg-demo.com\/amare-basic\/wp-json\/wp\/v2\/pages"}],"about":[{"href":"https:\/\/sg-demo.com\/amare-basic\/wp-json\/wp\/v2\/types\/page"}],"author":[{"embeddable":true,"href":"https:\/\/sg-demo.com\/amare-basic\/wp-json\/wp\/v2\/users\/1"}],"replies":[{"embeddable":true,"href":"https:\/\/sg-demo.com\/amare-basic\/wp-json\/wp\/v2\/comments?post=370"}],"version-history":[{"count":3,"href":"https:\/\/sg-demo.com\/amare-basic\/wp-json\/wp\/v2\/pages\/370\/revisions"}],"predecessor-version":[{"id":1227,"href":"https:\/\/sg-demo.com\/amare-basic\/wp-json\/wp\/v2\/pages\/370\/revisions\/1227"}],"wp:attachment":[{"href":"https:\/\/sg-demo.com\/amare-basic\/wp-json\/wp\/v2\/media?parent=370"}],"curies":[{"name":"wp","href":"https:\/\/api.w.org\/{rel}","templated":true}]}}